{"id":1255,"date":"2023-03-21T23:14:25","date_gmt":"2023-03-22T04:14:25","guid":{"rendered":"https:\/\/ihellow.com\/reservas-la-chula\/?page_id=1255"},"modified":"2023-07-07T23:28:44","modified_gmt":"2023-07-08T04:28:44","slug":"chula-urbana-zonat-02","status":"publish","type":"page","link":"https:\/\/ihellow.com\/reservas-la-chula\/chula-urbana-zonat-02\/","title":{"rendered":"La Chula Urbana Zona T 02"},"content":{"rendered":"<style>.kb-row-layout-id_12e610-1c > .kt-row-column-wrap{align-content:start;}:where(.kb-row-layout-id_12e610-1c > .kt-row-column-wrap) > .wp-block-kadence-column{justify-content:start;}.kb-row-layout-id_12e610-1c > .kt-row-column-wrap{column-gap:var(--global-kb-gap-md, 2rem);row-gap:var(--global-kb-gap-md, 2rem);max-width:600px;margin-left:auto;margin-right:auto;padding-top:98px;padding-right:0px;padding-bottom:200px;padding-left:0px;grid-template-columns:minmax(0, 1fr);}.kb-row-layout-id_12e610-1c{background-image:url('https:\/\/ihellow.com\/wp-content\/uploads\/2022\/12\/fondo-la-chula.webp');background-size:cover;background-position:center center;background-attachment:fixed;background-repeat:no-repeat;}.kb-row-layout-id_12e610-1c > .kt-row-layout-overlay{opacity:0.70;background-image:url('https:\/\/ihellow.com\/wp-content\/uploads\/2021\/04\/bg-0.png');background-size:cover;background-position:center center;background-attachment:fixed;background-repeat:no-repeat;}@media all and (max-width: 1024px), only screen and (min-device-width: 1024px) and (max-device-width: 1366px) and (-webkit-min-device-pixel-ratio: 2) and (hover: none){.kb-row-layout-id_12e610-1c{background-attachment:scroll;}}@media all and (max-width: 1024px), only screen and (min-device-width: 1024px) and (max-device-width: 1366px) and (-webkit-min-device-pixel-ratio: 2) and (hover: none){.kb-row-layout-id_12e610-1c > .kt-row-layout-overlay{background-attachment:scroll;}}@media all and (max-width: 1024px){.kb-row-layout-id_12e610-1c > .kt-row-column-wrap{padding-top:140px;padding-right:0px;padding-bottom:80px;padding-left:0px;grid-template-columns:minmax(0, 1fr);}}@media all and (max-width: 767px){.kb-row-layout-id_12e610-1c > .kt-row-column-wrap{padding-top:100px;padding-right:20px;padding-bottom:50px;padding-left:20px;grid-template-columns:minmax(0, 1fr);}}<\/style><div class=\"kb-row-layout-wrap kb-row-layout-id_12e610-1c alignnone has-theme-palette8-background-color kt-row-has-bg kt-jarallax wp-block-kadence-rowlayout\" data-img-position=\"center center\" data-img-size=\"cover\"><div class=\"kt-row-layout-overlay kt-row-overlay-normal\"><\/div><div class=\"kt-row-column-wrap kt-has-1-columns kt-row-layout-equal kt-tab-layout-inherit kt-mobile-layout-row kt-row-valign-top\">\n<style>.kadence-column_743cc7-9d > .kt-inside-inner-col{display:flex;}.kadence-column_743cc7-9d > .kt-inside-inner-col{padding-top:10px;padding-right:10px;padding-bottom:10px;padding-left:10px;}.kadence-column_743cc7-9d > .kt-inside-inner-col,.kadence-column_743cc7-9d > .kt-inside-inner-col:before{border-top-left-radius:0px;border-top-right-radius:0px;border-bottom-right-radius:0px;border-bottom-left-radius:0px;}.kadence-column_743cc7-9d > .kt-inside-inner-col{column-gap:var(--global-kb-gap-sm, 1rem);}.kadence-column_743cc7-9d > .kt-inside-inner-col{flex-direction:column;justify-content:flex-start;}.kadence-column_743cc7-9d > .kt-inside-inner-col > .aligncenter{width:100%;}.kt-row-column-wrap > .kadence-column_743cc7-9d{align-self:flex-start;}.kt-inner-column-height-full:not(.kt-has-1-columns) > .wp-block-kadence-column.kadence-column_743cc7-9d{align-self:auto;}.kt-inner-column-height-full:not(.kt-has-1-columns) > .wp-block-kadence-column.kadence-column_743cc7-9d > .kt-inside-inner-col{flex-direction:column;justify-content:flex-start;}.kadence-column_743cc7-9d > .kt-inside-inner-col:before{opacity:0.3;}.kadence-column_743cc7-9d{text-align:center;}.kadence-column_743cc7-9d{position:relative;}@media all and (max-width: 1024px){.kt-row-column-wrap > .kadence-column_743cc7-9d{align-self:flex-start;}}@media all and (max-width: 1024px){.kt-inner-column-height-full:not(.kt-has-1-columns) > .wp-block-kadence-column.kadence-column_743cc7-9d{align-self:auto;}}@media all and (max-width: 1024px){.kt-inner-column-height-full:not(.kt-has-1-columns) > .wp-block-kadence-column.kadence-column_743cc7-9d > .kt-inside-inner-col{flex-direction:column;justify-content:flex-start;}}@media all and (max-width: 1024px){.kadence-column_743cc7-9d > .kt-inside-inner-col{flex-direction:column;justify-content:flex-start;}}@media all and (max-width: 767px){.kt-row-column-wrap > .kadence-column_743cc7-9d{align-self:flex-start;}.kt-inner-column-height-full:not(.kt-has-1-columns) > .wp-block-kadence-column.kadence-column_743cc7-9d{align-self:auto;}.kt-inner-column-height-full:not(.kt-has-1-columns) > .wp-block-kadence-column.kadence-column_743cc7-9d > .kt-inside-inner-col{flex-direction:column;justify-content:flex-start;}.kadence-column_743cc7-9d > .kt-inside-inner-col{flex-direction:column;justify-content:flex-start;}}<\/style>\n<div class=\"wp-block-kadence-column kadence-column_743cc7-9d kb-section-dir-vertical inner-column-1\"><div class=\"kt-inside-inner-col\"><div class=\"wp-block-image\">\n<figure class=\"aligncenter size-full is-resized\"><img data-recalc-dims=\"1\" loading=\"lazy\" decoding=\"async\" src=\"https:\/\/i0.wp.com\/ihellow.com\/reservas-la-chula\/wp-content\/uploads\/2023\/07\/116.png?resize=221%2C82&#038;ssl=1\" alt=\"\" class=\"wp-image-1573\" width=\"221\" height=\"82\" srcset=\"https:\/\/i0.wp.com\/ihellow.com\/reservas-la-chula\/wp-content\/uploads\/2023\/07\/116.png?w=428&amp;ssl=1 428w, https:\/\/i0.wp.com\/ihellow.com\/reservas-la-chula\/wp-content\/uploads\/2023\/07\/116.png?resize=300%2C111&amp;ssl=1 300w\" sizes=\"auto, (max-width: 221px) 100vw, 221px\" \/><\/figure>\n<\/div>\n\n<style>.wp-block-kadence-advancedbtn.kb-btns_5b3b56-c1{gap:var(--global-kb-gap-xs, 0.5rem );justify-content:center;align-items:center;}.kt-btns_5b3b56-c1 .kt-button{font-weight:normal;font-style:normal;}<\/style>\n<div class=\"wp-block-kadence-advancedbtn kb-buttons-wrap kb-btns_5b3b56-c1\"><style>ul.menu .wp-block-kadence-advancedbtn .kb-btn_222a5f-c2.kb-button{width:initial;}.kb-btn_222a5f-c2.kb-button::before{background:#807d83;-webkit-transition:opacity .3s ease-in-out;-moz-transition:opacity .3s ease-in-out;transition:opacity .3s ease-in-out;}@media all and (max-width: 767px){.wp-block-kadence-advancedbtn .kb-btn_222a5f-c2.kb-button{font-size:var(--global-kb-font-size-sm, 0.9rem);}}<\/style><a class=\"kb-button kt-button button kb-btn_222a5f-c2 kt-btn-size-small kt-btn-width-type-auto kb-btn-global-inherit  kt-btn-has-text-true kt-btn-has-svg-false  wp-block-button__link wp-block-kadence-singlebtn\" href=\"https:\/\/api.whatsapp.com\/send?phone=573214847329&#038;text=quiero%20asistir%20a%20EL%20KOMANDER%20con%2010%25%20de%20descuento\" target=\"_blank\" rel=\"noreferrer noopener\"><span class=\"kt-btn-inner-text\">QUIERO ASISTIR A <br>\u00abEL KOMANDER\u00bb  <br>CON 10% DE DESCUENTO<\/span><\/a><\/div>\n\n\n<style>.wp-block-kadence-advancedbtn.kb-btns_5283e2-f8{gap:var(--global-kb-gap-xs, 0.5rem );justify-content:center;align-items:center;}.kt-btns_5283e2-f8 .kt-button{font-weight:normal;font-style:normal;}<\/style>\n<div class=\"wp-block-kadence-advancedbtn kb-buttons-wrap kb-btns_5283e2-f8\"><style>ul.menu .wp-block-kadence-advancedbtn .kb-btn_01b843-be.kb-button{width:initial;}.wp-block-kadence-advancedbtn .kb-btn_01b843-be.kb-button:hover, .wp-block-kadence-advancedbtn .kb-btn_01b843-be.kb-button:focus{background:#efb810;}@media all and (max-width: 767px){.wp-block-kadence-advancedbtn .kb-btn_01b843-be.kb-button{font-size:var(--global-kb-font-size-sm, 0.9rem);}}<\/style><a class=\"kb-button kt-button button kb-btn_01b843-be kt-btn-size-standard kt-btn-width-type-auto kb-btn-global-inherit  kt-btn-has-text-true kt-btn-has-svg-false  wp-block-button__link wp-block-kadence-singlebtn\" href=\"https:\/\/forms.gle\/XedfMcMLJJo2Ewg97\" target=\"_blank\" rel=\"noreferrer noopener\"><span class=\"kt-btn-inner-text\">\u00faNETE A NUESTRO BOLET\u00cdN DE NOTICIAS Y RECIBE GRATIS UN COCTEL EN TU PR\u00d3XIMA VISITA.<\/span><\/a><\/div>\n\n\n\n<p class=\"has-text-align-center has-small-font-size\" style=\"font-style:normal;font-weight:400;line-height:0.7;text-transform:uppercase\"><strong><a href=\"https:\/\/www.instagram.com\/lachula_116\">INSTAGRAM<\/a> <\/strong><\/p>\n\n\n\n<p class=\"has-text-align-center has-small-font-size\" style=\"font-style:normal;font-weight:400;line-height:0.7;text-transform:uppercase\"><strong><a href=\"https:\/\/www.tiktok.com\/@lachulabogota\">TIKTOK<\/a> <\/strong><\/p>\n\n\n\n<p class=\"has-text-align-center has-small-font-size\" style=\"font-style:normal;font-weight:400;line-height:0.7;text-transform:uppercase\"><strong><a href=\"https:\/\/www.youtube.com\/@lachulapurititocorazon9064\">YOUTUBE<\/a> <\/strong><\/p>\n\n\n\n<p class=\"has-text-align-center has-small-font-size\" style=\"font-style:normal;font-weight:400;line-height:0.7;text-transform:uppercase\"><a href=\"https:\/\/www.facebook.com\/LaChulaBarOficial\">FACEBOOK<\/a><\/p>\n\n\n\n<div class=\"wp-block-columns is-layout-flex wp-container-core-columns-is-layout-9d6595d7 wp-block-columns-is-layout-flex\">\n<div class=\"wp-block-column is-vertically-aligned-center is-layout-flow wp-block-column-is-layout-flow\"><\/div>\n<\/div>\n<\/div><\/div>\n\n<\/div><\/div>","protected":false},"excerpt":{"rendered":"<p>INSTAGRAM TIKTOK YOUTUBE FACEBOOK<\/p>\n","protected":false},"author":1,"featured_media":1015,"parent":0,"menu_order":0,"comment_status":"closed","ping_status":"closed","template":"","meta":{"_kadence_starter_templates_imported_post":true,"_kad_post_transparent":"","_kad_post_title":"","_kad_post_layout":"fullwidth","_kad_post_sidebar_id":"","_kad_post_content_style":"","_kad_post_vertical_padding":"","_kad_post_feature":"","_kad_post_feature_position":"","_kad_post_header":true,"_kad_post_footer":true,"_kad_post_classname":"","footnotes":""},"class_list":["post-1255","page","type-page","status-publish","has-post-thumbnail","hentry"],"yoast_head":"<!-- This site is optimized with the Yoast SEO plugin v27.3 - https:\/\/yoast.com\/product\/yoast-seo-wordpress\/ -->\n<title>La Chula Urbana Zona T 02 - Reservas La Chula<\/title>\n<meta name=\"robots\" content=\"index, follow, max-snippet:-1, max-image-preview:large, max-video-preview:-1\" \/>\n<link rel=\"canonical\" href=\"https:\/\/ihellow.com\/reservas-la-chula\/chula-urbana-zonat-02\/\" \/>\n<meta property=\"og:locale\" content=\"es_ES\" \/>\n<meta property=\"og:type\" content=\"article\" \/>\n<meta property=\"og:title\" content=\"La Chula Urbana Zona T 02 - Reservas La Chula\" \/>\n<meta property=\"og:description\" content=\"INSTAGRAM TIKTOK YOUTUBE FACEBOOK\" \/>\n<meta property=\"og:url\" content=\"https:\/\/ihellow.com\/reservas-la-chula\/chula-urbana-zonat-02\/\" \/>\n<meta property=\"og:site_name\" content=\"Reservas La Chula\" \/>\n<meta property=\"article:modified_time\" content=\"2023-07-08T04:28:44+00:00\" \/>\n<meta property=\"og:image\" content=\"https:\/\/i0.wp.com\/ihellow.com\/reservas-la-chula\/wp-content\/uploads\/2023\/02\/La-Chula-Campestre-e1676145577921.jpeg?fit=768%2C768&ssl=1\" \/>\n\t<meta property=\"og:image:width\" content=\"768\" \/>\n\t<meta property=\"og:image:height\" content=\"768\" \/>\n\t<meta property=\"og:image:type\" content=\"image\/jpeg\" \/>\n<meta name=\"twitter:card\" content=\"summary_large_image\" \/>\n<meta name=\"twitter:label1\" content=\"Tiempo de lectura\" \/>\n\t<meta name=\"twitter:data1\" content=\"1 minuto\" \/>\n<script type=\"application\/ld+json\" class=\"yoast-schema-graph\">{\"@context\":\"https:\\\/\\\/schema.org\",\"@graph\":[{\"@type\":\"WebPage\",\"@id\":\"https:\\\/\\\/ihellow.com\\\/reservas-la-chula\\\/chula-urbana-zonat-02\\\/\",\"url\":\"https:\\\/\\\/ihellow.com\\\/reservas-la-chula\\\/chula-urbana-zonat-02\\\/\",\"name\":\"La Chula Urbana Zona T 02 - Reservas La Chula\",\"isPartOf\":{\"@id\":\"https:\\\/\\\/ihellow.com\\\/reservas-la-chula\\\/#website\"},\"primaryImageOfPage\":{\"@id\":\"https:\\\/\\\/ihellow.com\\\/reservas-la-chula\\\/chula-urbana-zonat-02\\\/#primaryimage\"},\"image\":{\"@id\":\"https:\\\/\\\/ihellow.com\\\/reservas-la-chula\\\/chula-urbana-zonat-02\\\/#primaryimage\"},\"thumbnailUrl\":\"https:\\\/\\\/i0.wp.com\\\/ihellow.com\\\/reservas-la-chula\\\/wp-content\\\/uploads\\\/2023\\\/02\\\/La-Chula-Campestre-e1676145577921.jpeg?fit=768%2C768&ssl=1\",\"datePublished\":\"2023-03-22T04:14:25+00:00\",\"dateModified\":\"2023-07-08T04:28:44+00:00\",\"breadcrumb\":{\"@id\":\"https:\\\/\\\/ihellow.com\\\/reservas-la-chula\\\/chula-urbana-zonat-02\\\/#breadcrumb\"},\"inLanguage\":\"es\",\"potentialAction\":[{\"@type\":\"ReadAction\",\"target\":[\"https:\\\/\\\/ihellow.com\\\/reservas-la-chula\\\/chula-urbana-zonat-02\\\/\"]}]},{\"@type\":\"ImageObject\",\"inLanguage\":\"es\",\"@id\":\"https:\\\/\\\/ihellow.com\\\/reservas-la-chula\\\/chula-urbana-zonat-02\\\/#primaryimage\",\"url\":\"https:\\\/\\\/i0.wp.com\\\/ihellow.com\\\/reservas-la-chula\\\/wp-content\\\/uploads\\\/2023\\\/02\\\/La-Chula-Campestre-e1676145577921.jpeg?fit=768%2C768&ssl=1\",\"contentUrl\":\"https:\\\/\\\/i0.wp.com\\\/ihellow.com\\\/reservas-la-chula\\\/wp-content\\\/uploads\\\/2023\\\/02\\\/La-Chula-Campestre-e1676145577921.jpeg?fit=768%2C768&ssl=1\",\"width\":768,\"height\":768},{\"@type\":\"BreadcrumbList\",\"@id\":\"https:\\\/\\\/ihellow.com\\\/reservas-la-chula\\\/chula-urbana-zonat-02\\\/#breadcrumb\",\"itemListElement\":[{\"@type\":\"ListItem\",\"position\":1,\"name\":\"Portada\",\"item\":\"https:\\\/\\\/ihellow.com\\\/reservas-la-chula\\\/\"},{\"@type\":\"ListItem\",\"position\":2,\"name\":\"La Chula Urbana Zona T 02\"}]},{\"@type\":\"WebSite\",\"@id\":\"https:\\\/\\\/ihellow.com\\\/reservas-la-chula\\\/#website\",\"url\":\"https:\\\/\\\/ihellow.com\\\/reservas-la-chula\\\/\",\"name\":\"Reservas La Chula\",\"description\":\"Reserva en La Chula y vive la mejor experiencia mexicana.\",\"publisher\":{\"@id\":\"https:\\\/\\\/ihellow.com\\\/reservas-la-chula\\\/#organization\"},\"potentialAction\":[{\"@type\":\"SearchAction\",\"target\":{\"@type\":\"EntryPoint\",\"urlTemplate\":\"https:\\\/\\\/ihellow.com\\\/reservas-la-chula\\\/?s={search_term_string}\"},\"query-input\":{\"@type\":\"PropertyValueSpecification\",\"valueRequired\":true,\"valueName\":\"search_term_string\"}}],\"inLanguage\":\"es\"},{\"@type\":\"Organization\",\"@id\":\"https:\\\/\\\/ihellow.com\\\/reservas-la-chula\\\/#organization\",\"name\":\"Reservas La Chula\",\"url\":\"https:\\\/\\\/ihellow.com\\\/reservas-la-chula\\\/\",\"logo\":{\"@type\":\"ImageObject\",\"inLanguage\":\"es\",\"@id\":\"https:\\\/\\\/ihellow.com\\\/reservas-la-chula\\\/#\\\/schema\\\/logo\\\/image\\\/\",\"url\":\"https:\\\/\\\/ihellow.com\\\/reservas-la-chula\\\/wp-content\\\/uploads\\\/2023\\\/02\\\/reservas-la-chula-logo.png\",\"contentUrl\":\"https:\\\/\\\/ihellow.com\\\/reservas-la-chula\\\/wp-content\\\/uploads\\\/2023\\\/02\\\/reservas-la-chula-logo.png\",\"width\":282,\"height\":97,\"caption\":\"Reservas La Chula\"},\"image\":{\"@id\":\"https:\\\/\\\/ihellow.com\\\/reservas-la-chula\\\/#\\\/schema\\\/logo\\\/image\\\/\"},\"sameAs\":[\"https:\\\/\\\/www.instagram.com\\\/lachulacampestre\\\/\"]}]}<\/script>\n<!-- \/ Yoast SEO plugin. -->","yoast_head_json":{"title":"La Chula Urbana Zona T 02 - Reservas La Chula","robots":{"index":"index","follow":"follow","max-snippet":"max-snippet:-1","max-image-preview":"max-image-preview:large","max-video-preview":"max-video-preview:-1"},"canonical":"https:\/\/ihellow.com\/reservas-la-chula\/chula-urbana-zonat-02\/","og_locale":"es_ES","og_type":"article","og_title":"La Chula Urbana Zona T 02 - Reservas La Chula","og_description":"INSTAGRAM TIKTOK YOUTUBE FACEBOOK","og_url":"https:\/\/ihellow.com\/reservas-la-chula\/chula-urbana-zonat-02\/","og_site_name":"Reservas La Chula","article_modified_time":"2023-07-08T04:28:44+00:00","og_image":[{"width":768,"height":768,"url":"https:\/\/i0.wp.com\/ihellow.com\/reservas-la-chula\/wp-content\/uploads\/2023\/02\/La-Chula-Campestre-e1676145577921.jpeg?fit=768%2C768&ssl=1","type":"image\/jpeg"}],"twitter_card":"summary_large_image","twitter_misc":{"Tiempo de lectura":"1 minuto"},"schema":{"@context":"https:\/\/schema.org","@graph":[{"@type":"WebPage","@id":"https:\/\/ihellow.com\/reservas-la-chula\/chula-urbana-zonat-02\/","url":"https:\/\/ihellow.com\/reservas-la-chula\/chula-urbana-zonat-02\/","name":"La Chula Urbana Zona T 02 - Reservas La Chula","isPartOf":{"@id":"https:\/\/ihellow.com\/reservas-la-chula\/#website"},"primaryImageOfPage":{"@id":"https:\/\/ihellow.com\/reservas-la-chula\/chula-urbana-zonat-02\/#primaryimage"},"image":{"@id":"https:\/\/ihellow.com\/reservas-la-chula\/chula-urbana-zonat-02\/#primaryimage"},"thumbnailUrl":"https:\/\/i0.wp.com\/ihellow.com\/reservas-la-chula\/wp-content\/uploads\/2023\/02\/La-Chula-Campestre-e1676145577921.jpeg?fit=768%2C768&ssl=1","datePublished":"2023-03-22T04:14:25+00:00","dateModified":"2023-07-08T04:28:44+00:00","breadcrumb":{"@id":"https:\/\/ihellow.com\/reservas-la-chula\/chula-urbana-zonat-02\/#breadcrumb"},"inLanguage":"es","potentialAction":[{"@type":"ReadAction","target":["https:\/\/ihellow.com\/reservas-la-chula\/chula-urbana-zonat-02\/"]}]},{"@type":"ImageObject","inLanguage":"es","@id":"https:\/\/ihellow.com\/reservas-la-chula\/chula-urbana-zonat-02\/#primaryimage","url":"https:\/\/i0.wp.com\/ihellow.com\/reservas-la-chula\/wp-content\/uploads\/2023\/02\/La-Chula-Campestre-e1676145577921.jpeg?fit=768%2C768&ssl=1","contentUrl":"https:\/\/i0.wp.com\/ihellow.com\/reservas-la-chula\/wp-content\/uploads\/2023\/02\/La-Chula-Campestre-e1676145577921.jpeg?fit=768%2C768&ssl=1","width":768,"height":768},{"@type":"BreadcrumbList","@id":"https:\/\/ihellow.com\/reservas-la-chula\/chula-urbana-zonat-02\/#breadcrumb","itemListElement":[{"@type":"ListItem","position":1,"name":"Portada","item":"https:\/\/ihellow.com\/reservas-la-chula\/"},{"@type":"ListItem","position":2,"name":"La Chula Urbana Zona T 02"}]},{"@type":"WebSite","@id":"https:\/\/ihellow.com\/reservas-la-chula\/#website","url":"https:\/\/ihellow.com\/reservas-la-chula\/","name":"Reservas La Chula","description":"Reserva en La Chula y vive la mejor experiencia mexicana.","publisher":{"@id":"https:\/\/ihellow.com\/reservas-la-chula\/#organization"},"potentialAction":[{"@type":"SearchAction","target":{"@type":"EntryPoint","urlTemplate":"https:\/\/ihellow.com\/reservas-la-chula\/?s={search_term_string}"},"query-input":{"@type":"PropertyValueSpecification","valueRequired":true,"valueName":"search_term_string"}}],"inLanguage":"es"},{"@type":"Organization","@id":"https:\/\/ihellow.com\/reservas-la-chula\/#organization","name":"Reservas La Chula","url":"https:\/\/ihellow.com\/reservas-la-chula\/","logo":{"@type":"ImageObject","inLanguage":"es","@id":"https:\/\/ihellow.com\/reservas-la-chula\/#\/schema\/logo\/image\/","url":"https:\/\/ihellow.com\/reservas-la-chula\/wp-content\/uploads\/2023\/02\/reservas-la-chula-logo.png","contentUrl":"https:\/\/ihellow.com\/reservas-la-chula\/wp-content\/uploads\/2023\/02\/reservas-la-chula-logo.png","width":282,"height":97,"caption":"Reservas La Chula"},"image":{"@id":"https:\/\/ihellow.com\/reservas-la-chula\/#\/schema\/logo\/image\/"},"sameAs":["https:\/\/www.instagram.com\/lachulacampestre\/"]}]}},"jetpack_sharing_enabled":true,"_links":{"self":[{"href":"https:\/\/ihellow.com\/reservas-la-chula\/wp-json\/wp\/v2\/pages\/1255","targetHints":{"allow":["GET"]}}],"collection":[{"href":"https:\/\/ihellow.com\/reservas-la-chula\/wp-json\/wp\/v2\/pages"}],"about":[{"href":"https:\/\/ihellow.com\/reservas-la-chula\/wp-json\/wp\/v2\/types\/page"}],"author":[{"embeddable":true,"href":"https:\/\/ihellow.com\/reservas-la-chula\/wp-json\/wp\/v2\/users\/1"}],"replies":[{"embeddable":true,"href":"https:\/\/ihellow.com\/reservas-la-chula\/wp-json\/wp\/v2\/comments?post=1255"}],"version-history":[{"count":4,"href":"https:\/\/ihellow.com\/reservas-la-chula\/wp-json\/wp\/v2\/pages\/1255\/revisions"}],"predecessor-version":[{"id":1588,"href":"https:\/\/ihellow.com\/reservas-la-chula\/wp-json\/wp\/v2\/pages\/1255\/revisions\/1588"}],"wp:featuredmedia":[{"embeddable":true,"href":"https:\/\/ihellow.com\/reservas-la-chula\/wp-json\/wp\/v2\/media\/1015"}],"wp:attachment":[{"href":"https:\/\/ihellow.com\/reservas-la-chula\/wp-json\/wp\/v2\/media?parent=1255"}],"curies":[{"name":"wp","href":"https:\/\/api.w.org\/{rel}","templated":true}]}}